{"id":175,"date":"2017-01-06T08:05:48","date_gmt":"2017-01-06T08:05:48","guid":{"rendered":"https:\/\/demo.evisionthemes.com\/emag-pro\/?page_id=175"},"modified":"2017-01-06T11:28:55","modified_gmt":"2017-01-06T11:28:55","slug":"full-width-no-sidebar","status":"publish","type":"page","link":"https:\/\/demo.evisionthemes.com\/emag-pro\/full-width-no-sidebar\/","title":{"rendered":"Full Width ( No Sidebar)"},"content":{"rendered":"<p>Chocolate brownie cupcake biscuit toffee gummies chocolate bar cookie I love. Lemon drops jelly pastry I love. Carrot cake tiramisu I love danish jelly-o cheesecake souffl\u00e9. I love wafer chocolate sweet I love wafer sugar plum. Dessert cake apple pie sesame snaps jelly liquorice tiramisu jujubes. I love gingerbread chocolate bar cheesecake chupa chups I love. Muffin halvah powder. Sweet roll caramels macaroon jelly-o. Cupcake I love chocolate bar.<br \/>\nCheesecake tootsie roll drag\u00e9e lollipop pudding I love souffl\u00e9 powder croissant. Caramels fruitcake dessert apple pie I love ice cream chocolate cake sweet roll. Gummies sesame snaps candy I love cheesecake bonbon. I love souffl\u00e9 sweet. Cake cupcake danish lemon drops halvah. I love jelly beans I love danish tart pastry croissant jelly. Sweet chocolate bar powder oat cake cake pastry candy. Marshmallow jujubes lemon drops apple pie oat cake souffl\u00e9 biscuit. Bear claw apple pie carrot cake chupa chups.<br \/>\nTart cheesecake I love apple pie liquorice chocolate cake donut. Jelly-o sugar plum halvah cheesecake oat cake. Tootsie roll apple pie I love lollipop. Apple pie cake candy cake tart caramels. Bear claw halvah powder lollipop gummi bears cupcake fruitcake. Cookie apple pie caramels candy. Chupa chups cookie cookie I love gingerbread jelly beans. Ice cream chocolate bar souffl\u00e9 I love I love halvah gummies sweet roll donut. Candy topping I love.<br \/>\nCake souffl\u00e9 bonbon. Topping gummies lemon drops wafer ice cream I love jelly-o. Dessert powder halvah powder sesame snaps gingerbread. Pudding tiramisu I love souffl\u00e9 I love dessert tootsie roll. Apple pie toffee sesame snaps drag\u00e9e I love. Cake jelly-o danish topping souffl\u00e9. Sweet roll cupcake fruitcake caramels. Gummi bears I love icing pie I love biscuit marshmallow carrot cake toffee. Gummi bears I love pie caramels pudding cake I love. Marzipan donut tiramisu pastry wafer jelly cake biscuit jelly beans.<\/p>\n","protected":false},"excerpt":{"rendered":"<p>Chocolate brownie cupcake biscuit toffee gummies chocolate bar cookie I love. Lemon drops jelly pastry I love. Carrot cake tiramisu I love danish jelly-o cheesecake souffl\u00e9. I love wafer chocolate sweet I love wafer sugar plum. Dessert cake apple pie sesame snaps jelly liquorice tiramisu jujubes. I love gingerbread chocolate bar cheesecake chupa chups I [&hellip;]<\/p>\n","protected":false},"author":1,"featured_media":0,"parent":0,"menu_order":0,"comment_status":"closed","ping_status":"closed","template":"","meta":{"footnotes":""},"class_list":["post-175","page","type-page","status-publish","hentry"],"_links":{"self":[{"href":"https:\/\/demo.evisionthemes.com\/emag-pro\/wp-json\/wp\/v2\/pages\/175","targetHints":{"allow":["GET"]}}],"collection":[{"href":"https:\/\/demo.evisionthemes.com\/emag-pro\/wp-json\/wp\/v2\/pages"}],"about":[{"href":"https:\/\/demo.evisionthemes.com\/emag-pro\/wp-json\/wp\/v2\/types\/page"}],"author":[{"embeddable":true,"href":"https:\/\/demo.evisionthemes.com\/emag-pro\/wp-json\/wp\/v2\/users\/1"}],"replies":[{"embeddable":true,"href":"https:\/\/demo.evisionthemes.com\/emag-pro\/wp-json\/wp\/v2\/comments?post=175"}],"version-history":[{"count":2,"href":"https:\/\/demo.evisionthemes.com\/emag-pro\/wp-json\/wp\/v2\/pages\/175\/revisions"}],"predecessor-version":[{"id":198,"href":"https:\/\/demo.evisionthemes.com\/emag-pro\/wp-json\/wp\/v2\/pages\/175\/revisions\/198"}],"wp:attachment":[{"href":"https:\/\/demo.evisionthemes.com\/emag-pro\/wp-json\/wp\/v2\/media?parent=175"}],"curies":[{"name":"wp","href":"https:\/\/api.w.org\/{rel}","templated":true}]}}