{"id":252,"date":"2016-08-30T05:46:38","date_gmt":"2016-08-30T05:46:38","guid":{"rendered":"http:\/\/demo.evisionthemes.com\/bizplus\/?page_id=252"},"modified":"2016-08-30T05:46:38","modified_gmt":"2016-08-30T05:46:38","slug":"left-sidebar","status":"publish","type":"page","link":"https:\/\/demo.evisionthemes.com\/trade-hub\/left-sidebar\/","title":{"rendered":"Left Sidebar"},"content":{"rendered":"<p>Sweet souffl\u00e9 ice cream candy canes danish bonbon muffin cookie brownie. Muffin tart apple pie donut chupa chups candy jelly tootsie roll. Chocolate cake cake danish chupa chups. Marshmallow powder lemon drops sesame snaps drag\u00e9e chupa chups lollipop chupa chups. Cake chupa chups sugar plum candy gummi bears cupcake. Danish bear claw cheesecake. Drag\u00e9e chocolate cake pudding sweet roll. Brownie oat cake danish sweet roll chupa chups chocolate bar gummi bears. Macaroon croissant lollipop gummi bears tootsie roll pie brownie sugar plum. Tootsie roll pastry gummies caramels donut brownie.<br \/>\nMarshmallow lemon drops bear claw jelly-o gummi bears. Cookie souffl\u00e9 sesame snaps biscuit bear claw. Chocolate cake souffl\u00e9 powder marshmallow apple pie cupcake souffl\u00e9. Chocolate chupa chups pudding caramels gummies. Jelly cake muffin oat cake donut sesame snaps souffl\u00e9 danish. Jelly-o fruitcake jelly-o bonbon. Jelly beans caramels chocolate cake biscuit macaroon sweet gummi bears brownie sugar plum. Sweet roll bonbon brownie muffin liquorice powder.<br \/>\nWafer sweet roll sesame snaps pie bear claw pudding. Pie macaroon biscuit ice cream chupa chups powder donut. Bear claw cotton candy tart bonbon macaroon macaroon sweet topping. Caramels ice cream pie pie sesame snaps jelly brownie. Topping liquorice cake wafer pastry icing souffl\u00e9. Oat cake liquorice chocolate powder chocolate bar.<br \/>\n<img loading=\"lazy\" decoding=\"async\" src=\"http:\/\/demo.evisionthemes.com\/bizplus\/wp-content\/uploads\/2016\/08\/young-510441_1280-200x300.jpg\" alt=\"young-510441_1280\" width=\"200\" height=\"300\" class=\"alignright size-medium wp-image-226\" srcset=\"https:\/\/demo.evisionthemes.com\/trade-hub\/wp-content\/uploads\/2016\/08\/young-510441_1280-200x300.jpg 200w, https:\/\/demo.evisionthemes.com\/trade-hub\/wp-content\/uploads\/2016\/08\/young-510441_1280-768x1152.jpg 768w, https:\/\/demo.evisionthemes.com\/trade-hub\/wp-content\/uploads\/2016\/08\/young-510441_1280-682x1024.jpg 682w, https:\/\/demo.evisionthemes.com\/trade-hub\/wp-content\/uploads\/2016\/08\/young-510441_1280.jpg 853w\" sizes=\"auto, (max-width: 200px) 100vw, 200px\" \/><br \/>\nChocolate bar cupcake pie. Biscuit apple pie cheesecake. Toffee chocolate croissant topping macaroon cheesecake dessert pie. Icing muffin lemon drops tiramisu bonbon. Gummi bears gummies candy canes toffee drag\u00e9e cake caramels toffee pie. Sweet halvah chocolate gummies carrot cake powder sweet roll candy canes jelly. Halvah muffin jelly-o bear claw apple pie souffl\u00e9 jelly biscuit.<br \/>\nBrownie sesame snaps icing jelly-o bear claw jelly beans icing sugar plum. Powder sugar plum chocolate bar cookie lemon drops dessert. Pie croissant gummi bears tootsie roll. Dessert cupcake cotton candy gummi bears chocolate bar. Sweet topping brownie lemon drops icing carrot cake sugar plum. Chocolate bar bonbon jelly fruitcake caramels chocolate. Gingerbread candy jelly-o gummi bears icing pie toffee toffee. Chupa chups halvah cupcake souffl\u00e9 halvah pastry. Candy canes biscuit apple pie marzipan donut jujubes gingerbread. Sugar plum marzipan pastry drag\u00e9e caramels gummies marzipan.<\/p>\n","protected":false},"excerpt":{"rendered":"<p>Sweet souffl\u00e9 ice cream candy canes danish bonbon muffin cookie brownie. Muffin tart apple pie donut chupa chups candy jelly tootsie roll. Chocolate cake cake danish chupa chups. Marshmallow powder lemon drops sesame snaps drag\u00e9e chupa chups lollipop chupa chups. Cake chupa chups sugar plum candy gummi bears cupcake. Danish bear claw cheesecake. Drag\u00e9e chocolate <\/p>\n<div class=\"read-more-text\"><a href=\"https:\/\/demo.evisionthemes.com\/trade-hub\/left-sidebar\/\" class=\"read-more\">continue reading<\/a><\/div>\n","protected":false},"author":3,"featured_media":0,"parent":0,"menu_order":0,"comment_status":"closed","ping_status":"closed","template":"","meta":{"footnotes":""},"class_list":["post-252","page","type-page","status-publish","hentry"],"_links":{"self":[{"href":"https:\/\/demo.evisionthemes.com\/trade-hub\/wp-json\/wp\/v2\/pages\/252","targetHints":{"allow":["GET"]}}],"collection":[{"href":"https:\/\/demo.evisionthemes.com\/trade-hub\/wp-json\/wp\/v2\/pages"}],"about":[{"href":"https:\/\/demo.evisionthemes.com\/trade-hub\/wp-json\/wp\/v2\/types\/page"}],"author":[{"embeddable":true,"href":"https:\/\/demo.evisionthemes.com\/trade-hub\/wp-json\/wp\/v2\/users\/3"}],"replies":[{"embeddable":true,"href":"https:\/\/demo.evisionthemes.com\/trade-hub\/wp-json\/wp\/v2\/comments?post=252"}],"version-history":[{"count":0,"href":"https:\/\/demo.evisionthemes.com\/trade-hub\/wp-json\/wp\/v2\/pages\/252\/revisions"}],"wp:attachment":[{"href":"https:\/\/demo.evisionthemes.com\/trade-hub\/wp-json\/wp\/v2\/media?parent=252"}],"curies":[{"name":"wp","href":"https:\/\/api.w.org\/{rel}","templated":true}]}}